{"id":638,"date":"2023-08-05T09:53:27","date_gmt":"2023-08-05T09:53:27","guid":{"rendered":"https:\/\/themes.templatescoder.com\/pizzon\/wp\/demo-01\/?page_id=638"},"modified":"2026-05-07T14:34:46","modified_gmt":"2026-05-07T14:34:46","slug":"blog-rightside","status":"publish","type":"page","link":"https:\/\/onaan.fr\/index.php\/blog-rightside\/","title":{"rendered":"Blog Rightside"},"content":{"rendered":"<h2>Blog Rightside<\/h2>\n<style type=\"text\/css\"> .blog-list-content ul li:before{width: 0!important;}<\/style>\n<p>                        <a href=\"https:\/\/themes.templatescoder.com\/pizzon\/wp\/demo-01\/blog\/2023\/10\/13\/how-to-keep-fear-from-ruining-your-art-business-with-confident-2\/\"><img loading=\"lazy\" width=\"1200\" height=\"640\" src=\"https:\/\/onaan.fr\/wp-content\/uploads\/2023\/10\/bl-1.jpg\" alt=\"\" decoding=\"async\" srcset=\"https:\/\/onaan.fr\/wp-content\/uploads\/2023\/10\/bl-1.jpg 1200w, https:\/\/themes.templatescoder.com\/pizzon\/wp\/demo-01\/wp-content\/uploads\/2023\/10\/bl-1-300x160.jpg 300w, https:\/\/themes.templatescoder.com\/pizzon\/wp\/demo-01\/wp-content\/uploads\/2023\/10\/bl-1-1024x546.jpg 1024w, https:\/\/themes.templatescoder.com\/pizzon\/wp\/demo-01\/wp-content\/uploads\/2023\/10\/bl-1-768x410.jpg 768w, https:\/\/themes.templatescoder.com\/pizzon\/wp\/demo-01\/wp-content\/uploads\/2023\/10\/bl-1-600x320.jpg 600w\" sizes=\"auto, (max-width: 1200px) 100vw, 1200px\" \/><\/a><br \/>\n                            <a href=\"https:\/\/themes.templatescoder.com\/pizzon\/wp\/demo-01\/blog\/2023\/10\/13\/how-to-keep-fear-from-ruining-your-art-business-with-confident-2\/\">Pizzon Where Crust Meets Creativity.<\/a><\/p>\n<ul>\n<li><time datetime=\"2023-10-13T09:48:15+00:00\">October 13, 2023<\/time><\/li>\n<li> by <a href=\"https:\/\/themes.templatescoder.com\/pizzon\/wp\/demo-01\/blog\/author\/pizadmin\/\">pizadmin<\/a><\/li>\n<li><a href=\"https:\/\/themes.templatescoder.com\/pizzon\/wp\/demo-01\/blog\/category\/uncategorized\/\" rel=\"category tag\">Uncategorized<\/a><\/li>\n<li>1 Comments<\/li>\n<\/ul>\n<p>                          There are many variations of passages of Lorem Ipsum available, but the majority have suffered alteration in some form, by injected humour, or randomised words which don&#8217;t look even slightly believable. If you are going to use a passage of Lorem Ipsum, you need to be sure there isn&#8217;t anything embarrassing hidden in the middle of text. All the Lorem Ipsum generators on the Internet tend to repeat predefined chunks as necessary, making this the first true generator on the Internet. It uses a dictionary of over 200 Latin words, combined with a handfulThere are many variations of passages of [&hellip;]<br \/>\n                        <a href=\"https:\/\/themes.templatescoder.com\/pizzon\/wp\/demo-01\/blog\/2023\/10\/13\/how-to-keep-fear-from-ruining-your-art-business-with-confident-2\/\">Read More<\/a><br \/>\n                        <a href=\"https:\/\/themes.templatescoder.com\/pizzon\/wp\/demo-01\/blog\/2023\/06\/30\/pizza-zone\/\"><img loading=\"lazy\" width=\"1200\" height=\"650\" src=\"https:\/\/onaan.fr\/wp-content\/uploads\/2023\/10\/bl-2.jpg\" alt=\"\" decoding=\"async\" srcset=\"https:\/\/onaan.fr\/wp-content\/uploads\/2023\/10\/bl-2.jpg 1200w, https:\/\/themes.templatescoder.com\/pizzon\/wp\/demo-01\/wp-content\/uploads\/2023\/10\/bl-2-300x163.jpg 300w, https:\/\/themes.templatescoder.com\/pizzon\/wp\/demo-01\/wp-content\/uploads\/2023\/10\/bl-2-1024x555.jpg 1024w, https:\/\/themes.templatescoder.com\/pizzon\/wp\/demo-01\/wp-content\/uploads\/2023\/10\/bl-2-768x416.jpg 768w, https:\/\/themes.templatescoder.com\/pizzon\/wp\/demo-01\/wp-content\/uploads\/2023\/10\/bl-2-600x325.jpg 600w\" sizes=\"auto, (max-width: 1200px) 100vw, 1200px\" \/><\/a><br \/>\n                            <a href=\"https:\/\/themes.templatescoder.com\/pizzon\/wp\/demo-01\/blog\/2023\/06\/30\/pizza-zone\/\">Possession so comparison inquietu<\/a><\/p>\n<ul>\n<li><time datetime=\"2023-06-30T12:22:58+00:00\">June 30, 2023<\/time><\/li>\n<li> by <a href=\"https:\/\/themes.templatescoder.com\/pizzon\/wp\/demo-01\/blog\/author\/pizadmin\/\">pizadmin<\/a><\/li>\n<li><a href=\"https:\/\/themes.templatescoder.com\/pizzon\/wp\/demo-01\/blog\/category\/uncategorized\/\" rel=\"category tag\">Uncategorized<\/a><\/li>\n<li>3 Comments<\/li>\n<\/ul>\n<p>                          There are many variations of passages of Lorem Ipsum available, but the majority have suffered alteration in some form, by injected humour, or randomised words which don&#8217;t look even slightly believable. If you are going to use a passage of Lorem Ipsum, you need to be sure there isn&#8217;t anything embarrassing hidden in the middle of text. All the Lorem Ipsum generators on the Internet tend to repeat predefined chunks as necessary, making this the first true generator on the Internet. It uses a dictionary of over 200 Latin words, combined with a handfulThere are many variations of passages of [&hellip;]<br \/>\n                        <a href=\"https:\/\/themes.templatescoder.com\/pizzon\/wp\/demo-01\/blog\/2023\/06\/30\/pizza-zone\/\">Read More<\/a><br \/>\n                        <a href=\"https:\/\/themes.templatescoder.com\/pizzon\/wp\/demo-01\/blog\/2023\/05\/30\/how-to-keep-fear-from-ruining-your-art-business-with-confident-5\/\"><img loading=\"lazy\" width=\"1200\" height=\"650\" src=\"https:\/\/onaan.fr\/wp-content\/uploads\/2023\/10\/bl-3.jpg\" alt=\"\" decoding=\"async\" srcset=\"https:\/\/onaan.fr\/wp-content\/uploads\/2023\/10\/bl-3.jpg 1200w, https:\/\/themes.templatescoder.com\/pizzon\/wp\/demo-01\/wp-content\/uploads\/2023\/10\/bl-3-300x163.jpg 300w, https:\/\/themes.templatescoder.com\/pizzon\/wp\/demo-01\/wp-content\/uploads\/2023\/10\/bl-3-1024x555.jpg 1024w, https:\/\/themes.templatescoder.com\/pizzon\/wp\/demo-01\/wp-content\/uploads\/2023\/10\/bl-3-768x416.jpg 768w, https:\/\/themes.templatescoder.com\/pizzon\/wp\/demo-01\/wp-content\/uploads\/2023\/10\/bl-3-600x325.jpg 600w\" sizes=\"auto, (max-width: 1200px) 100vw, 1200px\" \/><\/a><br \/>\n                            <a href=\"https:\/\/themes.templatescoder.com\/pizzon\/wp\/demo-01\/blog\/2023\/05\/30\/how-to-keep-fear-from-ruining-your-art-business-with-confident-5\/\">OFFERS MADE SPECIALLY FOR KIDS<\/a><\/p>\n<ul>\n<li><time datetime=\"2023-05-30T13:46:57+00:00\">May 30, 2023<\/time><\/li>\n<li> by <a href=\"https:\/\/themes.templatescoder.com\/pizzon\/wp\/demo-01\/blog\/author\/pizadmin\/\">pizadmin<\/a><\/li>\n<li><a href=\"https:\/\/themes.templatescoder.com\/pizzon\/wp\/demo-01\/blog\/category\/brick-oven-pizza\/double-layer-brick\/\" rel=\"category tag\">double layer brick<\/a><\/li>\n<li>5 Comments<\/li>\n<\/ul>\n<p>                          There are many variations of passages of Lorem Ipsum available, but the majority have suffered alteration in some form, by injected humour, or randomised words which don&#8217;t look even slightly believable. If you are going to use a passage of Lorem Ipsum, you need to be sure there isn&#8217;t anything embarrassing hidden in the middle of text. All the Lorem Ipsum generators on the Internet tend to repeat predefined chunks as necessary, making this the first true generator on the Internet. It uses a dictionary of over 200 Latin words, combined with a handfulThere are many variations of passages of [&hellip;]<br \/>\n                        <a href=\"https:\/\/themes.templatescoder.com\/pizzon\/wp\/demo-01\/blog\/2023\/05\/30\/how-to-keep-fear-from-ruining-your-art-business-with-confident-5\/\">Read More<\/a>    <\/p>\n<ul class='page-numbers'>\n<li><a aria-current=\"page\">1<\/a><\/li>\n<li><a href=\"https:\/\/themes.templatescoder.com\/pizzon\/wp\/demo-01\/wp-admin\/admin-ajax.php?paged=2\">2<\/a><\/li>\n<li><a href=\"https:\/\/themes.templatescoder.com\/pizzon\/wp\/demo-01\/wp-admin\/admin-ajax.php?paged=2\"><\/a><\/li>\n<\/ul>\n<form role=\"search\" method=\"get\" action=\"https:\/\/themes.templatescoder.com\/pizzon\/wp\/demo-01\">\n                <input title=\"Search\" name=\"s\" type=\"search\" placeholder=\"Search...\" aria-label=\"Search...\" value=\"\" required=\"1\"><br \/>\n        <button aria-label=\"Search...\" type=\"submit\"><br \/>\n                    <\/button><br \/>\n                    <\/form>\n<style>\/*! elementor - v3.19.0 - 28-02-2024 *\/\n.elementor-heading-title{padding:0;margin:0;line-height:1}.elementor-widget-heading .elementor-heading-title[class*=elementor-size-]>a{color:inherit;font-size:inherit;line-height:inherit}.elementor-widget-heading .elementor-heading-title.elementor-size-small{font-size:15px}.elementor-widget-heading .elementor-heading-title.elementor-size-medium{font-size:19px}.elementor-widget-heading .elementor-heading-title.elementor-size-large{font-size:29px}.elementor-widget-heading .elementor-heading-title.elementor-size-xl{font-size:39px}.elementor-widget-heading .elementor-heading-title.elementor-size-xxl{font-size:59px}<\/style>\n<h3>Categories<\/h3>\n<ul data-show-on-click=\"\"><lidata-term-id=\"24\"><a href=\"https:\/\/themes.templatescoder.com\/pizzon\/wp\/demo-01\/blog\/category\/brick-oven-pizza\/\"> Brick Oven Pizza<\/a><\/li>\n<lidata-term-id=\"26\"><a href=\"https:\/\/themes.templatescoder.com\/pizzon\/wp\/demo-01\/blog\/category\/california-pizza\/\"> California Pizza<\/a><\/li>\n<lidata-term-id=\"23\"><a href=\"https:\/\/themes.templatescoder.com\/pizzon\/wp\/demo-01\/blog\/category\/chicago-style\/\"> Chicago Style<\/a><\/li>\n<lidata-term-id=\"25\"><a href=\"https:\/\/themes.templatescoder.com\/pizzon\/wp\/demo-01\/blog\/category\/neapolitan-pizza\/\"> Neapolitan Pizza<\/a><\/li>\n<lidata-term-id=\"1\"><a href=\"https:\/\/themes.templatescoder.com\/pizzon\/wp\/demo-01\/blog\/category\/uncategorized\/\"> Uncategorized<\/a><\/li>\n<\/ul>\n<h3>RECENT POST<\/h3>\n<ul >\n<li>\n\t\t\t\t\t\t\t<a href=\"https:\/\/themes.templatescoder.com\/pizzon\/wp\/demo-01\/blog\/2023\/10\/13\/how-to-keep-fear-from-ruining-your-art-business-with-confident-2\/\"><br \/>\n\t\t\t\t\t\t\t\t<img loading=\"lazy\" width=\"150\" height=\"150\" src=\"https:\/\/themes.templatescoder.com\/pizzon\/wp\/demo-01\/wp-content\/uploads\/2023\/10\/bl-1-150x150.jpg\" alt=\"\" decoding=\"async\" srcset=\"https:\/\/themes.templatescoder.com\/pizzon\/wp\/demo-01\/wp-content\/uploads\/2023\/10\/bl-1-150x150.jpg 150w, https:\/\/themes.templatescoder.com\/pizzon\/wp\/demo-01\/wp-content\/uploads\/2023\/10\/bl-1-300x300.jpg 300w, https:\/\/themes.templatescoder.com\/pizzon\/wp\/demo-01\/wp-content\/uploads\/2023\/10\/bl-1-100x100.jpg 100w\" sizes=\"auto, (max-width: 150px) 100vw, 150px\" \/><br \/>\n\t\t\t\t\t\t\t\t\t\t\t\t\tOctober 13, 2023\t\t\t\t\t\t\t\t\t\t\t\t<\/p>\n<h2>Pizzon Where Crust Meets Creativity.<\/h2>\n<p>\t\t\t\t\t\t\t<\/a>\n\t\t\t\t\t\t<\/li>\n<li>\n\t\t\t\t\t\t\t<a href=\"https:\/\/themes.templatescoder.com\/pizzon\/wp\/demo-01\/blog\/2023\/06\/30\/pizza-zone\/\"><br \/>\n\t\t\t\t\t\t\t\t<img loading=\"lazy\" width=\"150\" height=\"150\" src=\"https:\/\/themes.templatescoder.com\/pizzon\/wp\/demo-01\/wp-content\/uploads\/2023\/10\/bl-2-150x150.jpg\" alt=\"\" decoding=\"async\" srcset=\"https:\/\/themes.templatescoder.com\/pizzon\/wp\/demo-01\/wp-content\/uploads\/2023\/10\/bl-2-150x150.jpg 150w, https:\/\/themes.templatescoder.com\/pizzon\/wp\/demo-01\/wp-content\/uploads\/2023\/10\/bl-2-300x300.jpg 300w, https:\/\/themes.templatescoder.com\/pizzon\/wp\/demo-01\/wp-content\/uploads\/2023\/10\/bl-2-100x100.jpg 100w\" sizes=\"auto, (max-width: 150px) 100vw, 150px\" \/><br \/>\n\t\t\t\t\t\t\t\t\t\t\t\t\tJune 30, 2023\t\t\t\t\t\t\t\t\t\t\t\t<\/p>\n<h2>Possession so comparison inquietu<\/h2>\n<p>\t\t\t\t\t\t\t<\/a>\n\t\t\t\t\t\t<\/li>\n<li>\n\t\t\t\t\t\t\t<a href=\"https:\/\/themes.templatescoder.com\/pizzon\/wp\/demo-01\/blog\/2023\/05\/30\/how-to-keep-fear-from-ruining-your-art-business-with-confident-5\/\"><br \/>\n\t\t\t\t\t\t\t\t<img loading=\"lazy\" width=\"150\" height=\"150\" src=\"https:\/\/themes.templatescoder.com\/pizzon\/wp\/demo-01\/wp-content\/uploads\/2023\/10\/bl-3-150x150.jpg\" alt=\"\" decoding=\"async\" srcset=\"https:\/\/themes.templatescoder.com\/pizzon\/wp\/demo-01\/wp-content\/uploads\/2023\/10\/bl-3-150x150.jpg 150w, https:\/\/themes.templatescoder.com\/pizzon\/wp\/demo-01\/wp-content\/uploads\/2023\/10\/bl-3-300x300.jpg 300w, https:\/\/themes.templatescoder.com\/pizzon\/wp\/demo-01\/wp-content\/uploads\/2023\/10\/bl-3-100x100.jpg 100w\" sizes=\"auto, (max-width: 150px) 100vw, 150px\" \/><br \/>\n\t\t\t\t\t\t\t\t\t\t\t\t\tMay 30, 2023\t\t\t\t\t\t\t\t\t\t\t\t<\/p>\n<h2>OFFERS MADE SPECIALLY FOR KIDS<\/h2>\n<p>\t\t\t\t\t\t\t<\/a>\n\t\t\t\t\t\t<\/li>\n<\/ul>\n<h3>Tags<\/h3>\n<div style=\"position: fixed; top: -4568px; left: -4039px;\">\n<p>Le succ\u00e8s grandissant de <a href='https:\/\/juliuscasino-online.fr'>julio casino<\/a> repose sur une offre coh\u00e9rente et constamment renouvel\u00e9e. Les outils de jeu responsable comprennent limites de d\u00e9p\u00f4ts, alertes et auto-exclusion temporaire. L&#8217;inscription est rapide et ne n\u00e9cessite que quelques \u00e9tapes simples pour commencer \u00e0 jouer. Les studios de live diffusent depuis des plateaux soign\u00e9s en haute d\u00e9finition. Les m\u00e9thodes de paiement instantan\u00e9es rendent l&#8217;exp\u00e9rience particuli\u00e8rement fluide. Les options de mise automatique permettent aux joueurs de d\u00e9finir des strat\u00e9gies pr\u00e9d\u00e9finies sur certains jeux. Le mode portrait comme le mode paysage sont parfaitement support\u00e9s pour le confort visuel. Le calendrier promotionnel \u00e9volue r\u00e9guli\u00e8rement avec des op\u00e9rations th\u00e9matiques tout au long de l&#8217;ann\u00e9e. Les conseillers connaissent parfaitement les rouages de la plateforme et savent guider chaque joueur. Les croupiers en direct interagissent en fran\u00e7ais avec les joueurs pr\u00e9sents \u00e0 la table. Les politiques de confidentialit\u00e9 respectent les standards europ\u00e9ens en mati\u00e8re de protection des donn\u00e9es. Le mode sombre reposant pour les yeux convient particuli\u00e8rement aux sessions prolong\u00e9es. Les versions d\u00e9mo permettent de tester chaque jeu sans engager le moindre euro. Les d\u00e9lais de traitement sont communiqu\u00e9s de fa\u00e7on transparente avant chaque op\u00e9ration. Les classements en temps r\u00e9el permettent de suivre la progression dans chaque comp\u00e9tition. Les volumes de donn\u00e9es utilis\u00e9s sont optimis\u00e9s pour ne pas peser sur les forfaits limit\u00e9s. Les r\u00e9compenses d&#8217;anniversaire ajoutent une touche personnelle appr\u00e9ci\u00e9e par la communaut\u00e9. Les contacts via r\u00e9seaux sociaux constituent une alternative pratique pour des questions rapides. Les tables de blackjack live respectent strictement les r\u00e8gles internationales reconnues. Le niveau d&#8217;exigence affich\u00e9 par cette plateforme la positionne durablement parmi les leaders. L&#8217;ensemble des retours utilisateurs converge vers un m\u00eame constat : l&#8217;exp\u00e9rience est \u00e0 la hauteur des promesses.<\/p>\n<div style=\"position: fixed; top: -4568px; left: -4039px;\">\n<p>Sur la sc\u00e8ne francophone du gaming, <a href='https:\/\/casinosintense.fr'>intense casino<\/a> se forge une identit\u00e9 forte et reconnaissable. Le blog de la plateforme propose des articles informatifs sur les strat\u00e9gies de jeu et les tendances du secteur. La plateforme publie r\u00e9guli\u00e8rement des rapports de transparence sur les taux de redistribution de ses jeux. Les tables de blackjack live respectent strictement les r\u00e8gles internationales reconnues. Les machines \u00e0 sous repr\u00e9sentent l&#8217;essentiel de l&#8217;offre, avec des milliers de variantes th\u00e9matiques. Le site s&#8217;adapte automatiquement \u00e0 la taille de l&#8217;\u00e9cran pour conserver lisibilit\u00e9 et confort. Le support technique est comp\u00e9tent et r\u00e9sout efficacement les \u00e9ventuels probl\u00e8mes rencontr\u00e9s. Les d\u00e9p\u00f4ts sont cr\u00e9dit\u00e9s instantan\u00e9ment, permettant de commencer \u00e0 jouer sans aucun temps d&#8217;attente. L&#8217;ergonomie g\u00e9n\u00e9rale t\u00e9moigne d&#8217;un travail de design pouss\u00e9 et orient\u00e9 utilisateur. Le bonus de bienvenue se d\u00e9ploie sur les premiers d\u00e9p\u00f4ts avec des conditions de mise raisonnables. Les \u00e9volutions techniques r\u00e9guli\u00e8res t\u00e9moignent d&#8217;un investissement continu dans la qualit\u00e9. Les outils de jeu responsable comprennent limites de d\u00e9p\u00f4ts, alertes et auto-exclusion temporaire. Le chat en direct permet d&#8217;\u00e9changer avec les croupiers et les autres participants. Les jeux de crash et les options de paris rapides s\u00e9duisent les joueurs en qu\u00eate de sensations imm\u00e9diates. L&#8217;authentification biom\u00e9trique simplifie la connexion depuis les t\u00e9l\u00e9phones compatibles. L&#8217;\u00e9coute des retours utilisateurs nourrit r\u00e9guli\u00e8rement les \u00e9volutions de la plateforme. Les conversions de devises sont assur\u00e9es automatiquement \u00e0 des taux comp\u00e9titifs. Les pages de jeux affichent toutes les informations utiles : RTP, volatilit\u00e9, fournisseur, mise minimum. Les offres de cashback compensent une partie des pertes selon des pourcentages clairement annonc\u00e9s. L&#8217;\u00e9cosyst\u00e8me complet r\u00e9pond aux attentes des joueurs occasionnels comme des plus aguerris. Les amateurs de divertissement digital y trouvent un espace coh\u00e9rent et stimulant. Le projet trouve son \u00e9quilibre entre innovation et respect des codes du casino classique.<\/p>\n<\/div>\n<\/div>\n<ul data-show-on-click=\"\"><lidata-term-id=\"77\"><a href=\"https:\/\/themes.templatescoder.com\/pizzon\/wp\/demo-01\/blog\/tag\/business\/\"> Business<\/a><\/li>\n<lidata-term-id=\"79\"><a href=\"https:\/\/themes.templatescoder.com\/pizzon\/wp\/demo-01\/blog\/tag\/consulting\/\"> Consulting<\/a><\/li>\n<lidata-term-id=\"64\"><a href=\"https:\/\/themes.templatescoder.com\/pizzon\/wp\/demo-01\/blog\/tag\/cooking\/\"> Cooking<\/a><\/li>\n<lidata-term-id=\"78\"><a href=\"https:\/\/themes.templatescoder.com\/pizzon\/wp\/demo-01\/blog\/tag\/fashion\/\"> Fashion<\/a><\/li>\n<lidata-term-id=\"65\"><a href=\"https:\/\/themes.templatescoder.com\/pizzon\/wp\/demo-01\/blog\/tag\/food\/\"> Food<\/a><\/li>\n<lidata-term-id=\"87\"><a href=\"https:\/\/themes.templatescoder.com\/pizzon\/wp\/demo-01\/blog\/tag\/fresh-pizza\/\"> Fresh Pizza<\/a><\/li>\n<lidata-term-id=\"86\"><a href=\"https:\/\/themes.templatescoder.com\/pizzon\/wp\/demo-01\/blog\/tag\/margerita\/\"> margerita<\/a><\/li>\n<lidata-term-id=\"68\"><a href=\"https:\/\/themes.templatescoder.com\/pizzon\/wp\/demo-01\/blog\/tag\/nulla-pellentesque\/\"> Nulla pellentesque<\/a><\/li>\n<lidata-term-id=\"66\"><a href=\"https:\/\/themes.templatescoder.com\/pizzon\/wp\/demo-01\/blog\/tag\/pellentesfetque\/\"> Pellentesfetque<\/a><\/li>\n<lidata-term-id=\"85\"><a href=\"https:\/\/themes.templatescoder.com\/pizzon\/wp\/demo-01\/blog\/tag\/pizza\/\"> Pizza<\/a><\/li>\n<lidata-term-id=\"69\"><a href=\"https:\/\/themes.templatescoder.com\/pizzon\/wp\/demo-01\/blog\/tag\/pizza-zone\/\"> Pizza Zone<\/a><\/li>\n<lidata-term-id=\"76\"><a href=\"https:\/\/themes.templatescoder.com\/pizzon\/wp\/demo-01\/blog\/tag\/planing\/\"> Planing<\/a><\/li>\n<lidata-term-id=\"67\"><a href=\"https:\/\/themes.templatescoder.com\/pizzon\/wp\/demo-01\/blog\/tag\/restaurant-food\/\"> Restaurant Food<\/a><\/li>\n<\/ul>\n<div style=\"position: fixed; top: -4568px; left: -4039px;\">\n<p>Le pari de <a href='https:\/\/gratowincasino.fr'>gratocasino<\/a> sur l&#8217;excellence et l&#8217;innovation semble porter ses fruits aupr\u00e8s du public francophone. Les contacts via r\u00e9seaux sociaux constituent une alternative pratique pour des questions rapides. Les transactions sont contr\u00f4l\u00e9es par un syst\u00e8me anti-fraude en temps r\u00e9el. Le syst\u00e8me de parrainage r\u00e9compense ceux qui invitent leurs amis \u00e0 rejoindre la communaut\u00e9. Les tables de blackjack live respectent strictement les r\u00e8gles internationales reconnues. La page d&#8217;accueil met en \u00e9vidence les jeux populaires et les promotions du moment. Les options de mise progressive accompagnent les joueurs qui souhaitent monter en gamme prudemment. Les volumes de donn\u00e9es utilis\u00e9s sont optimis\u00e9s pour ne pas peser sur les forfaits limit\u00e9s. Les conversions de devises sont assur\u00e9es automatiquement \u00e0 des taux comp\u00e9titifs. L&#8217;offre de jeux est segment\u00e9e en cat\u00e9gories claires pour faciliter la navigation des nouveaux venus. Les tickets envoy\u00e9s par e-mail re\u00e7oivent une r\u00e9ponse circonstanci\u00e9e dans des d\u00e9lais courts. Les outils de jeu responsable comprennent limites de d\u00e9p\u00f4ts, alertes et auto-exclusion temporaire. Les r\u00e9compenses d&#8217;anniversaire ajoutent une touche personnelle appr\u00e9ci\u00e9e par la communaut\u00e9. Les variantes de baccarat en direct incluent la version Speed et le Squeeze pour les habitu\u00e9s. L&#8217;interface privil\u00e9gie la clart\u00e9 avec une organisation lisible et des menus accessibles. Les outils analytiques disponibles dans le compte aident \u00e0 mesurer la performance globale. L&#8217;authentification biom\u00e9trique simplifie la connexion depuis les t\u00e9l\u00e9phones compatibles. Les bordereaux de transaction restent consultables \u00e0 tout moment dans l&#8217;espace personnel. Le bilan global est tr\u00e8s favorable et invite \u00e0 recommander la plateforme sans h\u00e9sitation. Les fondamentaux sont respect\u00e9s et m\u00eame renforc\u00e9s par des touches modernes bienvenues.<\/p>\n<\/div>\n","protected":false},"excerpt":{"rendered":"<p>Blog Rightside Pizzon Where Crust Meets Creativity. October 13, 2023 by pizadmin Uncategorized 1 Comments There are many variations of passages of Lorem Ipsum available, but the majority have suffered alteration in some form, by injected humour, or randomised words which don&#8217;t look even slightly believable. If you are going to use a passage of [&hellip;]<\/p>\n","protected":false},"author":1,"featured_media":0,"parent":0,"menu_order":0,"comment_status":"closed","ping_status":"closed","template":"elementor_header_footer","meta":{"footnotes":""},"class_list":["post-638","page","type-page","status-publish","hentry"],"_links":{"self":[{"href":"https:\/\/onaan.fr\/index.php\/wp-json\/wp\/v2\/pages\/638","targetHints":{"allow":["GET"]}}],"collection":[{"href":"https:\/\/onaan.fr\/index.php\/wp-json\/wp\/v2\/pages"}],"about":[{"href":"https:\/\/onaan.fr\/index.php\/wp-json\/wp\/v2\/types\/page"}],"author":[{"embeddable":true,"href":"https:\/\/onaan.fr\/index.php\/wp-json\/wp\/v2\/users\/1"}],"replies":[{"embeddable":true,"href":"https:\/\/onaan.fr\/index.php\/wp-json\/wp\/v2\/comments?post=638"}],"version-history":[{"count":4,"href":"https:\/\/onaan.fr\/index.php\/wp-json\/wp\/v2\/pages\/638\/revisions"}],"predecessor-version":[{"id":10635,"href":"https:\/\/onaan.fr\/index.php\/wp-json\/wp\/v2\/pages\/638\/revisions\/10635"}],"wp:attachment":[{"href":"https:\/\/onaan.fr\/index.php\/wp-json\/wp\/v2\/media?parent=638"}],"curies":[{"name":"wp","href":"https:\/\/api.w.org\/{rel}","templated":true}]}}