{"id":561,"date":"2023-07-12T07:17:41","date_gmt":"2023-07-12T07:17:41","guid":{"rendered":"https:\/\/themes.templatescoder.com\/pizzon\/wp\/demo-01\/?page_id=561"},"modified":"2026-05-07T12:28:36","modified_gmt":"2026-05-07T12:28:36","slug":"menu-list","status":"publish","type":"page","link":"https:\/\/onaan.fr\/index.php\/menu-list\/","title":{"rendered":"Menu List"},"content":{"rendered":"<h2>Menu List<\/h2>\n<p>\t\t\t\t\t\t\t\t\t\t\t\t\t\t\t<img loading=\"lazy\" decoding=\"async\" width=\"1920\" height=\"465\" src=\"https:\/\/onaan.fr\/wp-content\/uploads\/2023\/08\/chef-top-bg.png\" alt=\"chef-top-bg\" srcset=\"https:\/\/onaan.fr\/wp-content\/uploads\/2023\/08\/chef-top-bg.png 1920w, https:\/\/onaan.fr\/wp-content\/uploads\/2023\/08\/chef-top-bg-300x73.png 300w, https:\/\/onaan.fr\/wp-content\/uploads\/2023\/08\/chef-top-bg-1024x248.png 1024w, https:\/\/onaan.fr\/wp-content\/uploads\/2023\/08\/chef-top-bg-768x186.png 768w, https:\/\/onaan.fr\/wp-content\/uploads\/2023\/08\/chef-top-bg-1536x372.png 1536w, https:\/\/onaan.fr\/wp-content\/uploads\/2023\/08\/chef-top-bg-600x145.png 600w\" sizes=\"auto, (max-width: 1920px) 100vw, 1920px\" \/>\t\t\t\t\t\t\t\t\t\t\t\t\t\t\t<\/p>\n<h4>Meet our experts<\/h4>\n<h2>OUR BEST CHEF<\/h2>\n<ul>\n<li>All<em><\/em><\/li>\n<li>Burgers<em><\/em><\/li>\n<li>Deserts<em><\/em><\/li>\n<li>Drinks<em><\/em><\/li>\n<li>Pasta<em><\/em><\/li>\n<li>Pizzas<em><\/em><\/li>\n<li>Salads<em><\/em><\/li>\n<\/ul>\n<sectiondata-settings=\"{&quot;layout&quot;:&quot;fitRows&quot;,&quot;columns_desktop&quot;:&quot;2&quot;,&quot;gutter_hr&quot;:40,&quot;gutter_hr_mobile&quot;:40,&quot;gutter_hr_mobile_extra&quot;:40,&quot;gutter_hr_tablet&quot;:40,&quot;gutter_hr_tablet_extra&quot;:40,&quot;gutter_hr_laptop&quot;:40,&quot;gutter_hr_widescreen&quot;:40,&quot;gutter_vr&quot;:57,&quot;gutter_vr_mobile&quot;:17,&quot;gutter_vr_mobile_extra&quot;:57,&quot;gutter_vr_tablet&quot;:57,&quot;gutter_vr_tablet_extra&quot;:57,&quot;gutter_vr_laptop&quot;:57,&quot;gutter_vr_widescreen&quot;:57,&quot;animation&quot;:&quot;zoom&quot;,&quot;animation_duration&quot;:0.1000000000000000055511151231257827021181583404541015625,&quot;animation_delay&quot;:0.1000000000000000055511151231257827021181583404541015625,&quot;deeplinking&quot;:&quot;&quot;,&quot;filters_linkable&quot;:&quot;no&quot;,&quot;filters_default_filter&quot;:&quot;&quot;,&quot;filters_count&quot;:&quot;&quot;,&quot;filters_hide_empty&quot;:&quot;no&quot;,&quot;filters_animation&quot;:&quot;default&quot;,&quot;filters_animation_duration&quot;:0.6999999999999999555910790149937383830547332763671875,&quot;filters_animation_delay&quot;:0.1000000000000000055511151231257827021181583404541015625,&quot;pagination_type&quot;:&quot;load-more&quot;,&quot;pagination_max_pages&quot;:3,&quot;lightbox&quot;:{&quot;selector&quot;:&quot;.tmpcoder-grid-image-wrap&quot;}}\" data-found-posts = 27 >\n<article><img decoding=\"async\" src=\"https:\/\/onaan.fr\/wp-content\/uploads\/2023\/10\/product-8-300x300.png\" alt=\"Meat Salad\"><\/p>\n<h2><a target=\"_self\"   href=\"https:\/\/onaan.fr\/index.php\/product\/meat-salad\/\">Meat Salad<\/a><\/h2>\n<p>&#036;30.00<\/p>\n<p>Lorem ipsum dolor sit amet, consectetur adipiscing elit. Ut elit tellus, luctus nec ullamcorper mattis, pulvinar dapibus leo.Lorem&hellip;<\/p>\n<\/article>\n<article><img decoding=\"async\" src=\"https:\/\/onaan.fr\/wp-content\/uploads\/2023\/10\/drink-2-300x300.png\" alt=\"Lemon Juice\"><\/p>\n<h2><a target=\"_self\"   href=\"https:\/\/onaan.fr\/index.php\/product\/lemon-juice\/\">Lemon Juice<\/a><\/h2>\n<p>&#036;16.00<\/p>\n<p>Lorem ipsum dolor sit amet, consectetur adipiscing elit. Ut elit tellus, luctus nec ullamcorper mattis, pulvinar dapibus leo.Lorem&hellip;<\/p>\n<\/article>\n<article><img decoding=\"async\" src=\"https:\/\/onaan.fr\/wp-content\/uploads\/2023\/10\/burger-4-300x300.png\" alt=\"Sollow Burger\"><\/p>\n<h2><a target=\"_self\"   href=\"https:\/\/onaan.fr\/index.php\/product\/sollow-burger\/\">Sollow Burger<\/a><\/h2>\n<p>&#036;71.00<\/p>\n<p>Lorem ipsum dolor sit amet, consectetur adipiscing elit. Ut elit tellus, luctus nec ullamcorper mattis, pulvinar dapibus leo.Lorem&hellip;<\/p>\n<\/article>\n<article><img decoding=\"async\" src=\"https:\/\/onaan.fr\/wp-content\/uploads\/2023\/10\/salads-1-300x300.png\" alt=\"Green Salad\"><\/p>\n<h2><a target=\"_self\"   href=\"https:\/\/onaan.fr\/index.php\/product\/green-salad\/\">Green Salad<\/a><\/h2>\n<p>&#036;63.00<\/p>\n<p>Lorem ipsum dolor sit amet, consectetur adipiscing elit. Ut elit tellus, luctus nec ullamcorper mattis, pulvinar dapibus leo.Lorem&hellip;<\/p>\n<\/article>\n<article><img decoding=\"async\" src=\"https:\/\/onaan.fr\/wp-content\/uploads\/2023\/10\/salads-2-300x300.png\" alt=\"Olive Salad\"><\/p>\n<h2><a target=\"_self\"   href=\"https:\/\/onaan.fr\/index.php\/product\/olive-salad\/\">Olive Salad<\/a><\/h2>\n<p>&#036;52.00<\/p>\n<p>Lorem ipsum dolor sit amet, consectetur adipiscing elit. Ut elit tellus, luctus nec ullamcorper mattis, pulvinar dapibus leo.Lorem&hellip;<\/p>\n<\/article>\n<article><img decoding=\"async\" src=\"https:\/\/onaan.fr\/wp-content\/uploads\/2023\/10\/drink-1-300x300.png\" alt=\"Special drink\"><\/p>\n<h2><a target=\"_self\"   href=\"https:\/\/onaan.fr\/index.php\/product\/special-drink\/\">Special drink<\/a><\/h2>\n<p>&#036;31.00<\/p>\n<p>Pellentesque habitant morbi tristique senectus et netus et malesuada fames ac turpis egestas. Vestibulum tortor quam, feugiat vitae,&hellip;<\/p>\n<\/article>\n<article><img decoding=\"async\" src=\"https:\/\/onaan.fr\/wp-content\/uploads\/2023\/10\/product-7-1-300x300.png\" alt=\"Gluten-Free Pasta\"><\/p>\n<h2><a target=\"_self\"   href=\"https:\/\/onaan.fr\/index.php\/product\/gluten-free-pasta\/\">Gluten-Free Pasta<\/a><\/h2>\n<p>&#036;31.00<\/p>\n<p>Pellentesque habitant morbi tristique senectus et netus et malesuada fames ac turpis egestas. Vestibulum tortor quam, feugiat vitae,&hellip;<\/p>\n<\/article>\n<article><img decoding=\"async\" src=\"https:\/\/onaan.fr\/wp-content\/uploads\/2023\/10\/burger-3-1-300x300.png\" alt=\"Fresh Burger\"><\/p>\n<h2><a target=\"_self\"   href=\"https:\/\/onaan.fr\/index.php\/product\/fresh-burger\/\">Fresh Burger<\/a><\/h2>\n<p>&#036;58.00<\/p>\n<p>Pellentesque habitant morbi tristique senectus et netus et malesuada fames ac turpis egestas. Vestibulum tortor quam, feugiat vitae,&hellip;<\/p>\n<\/article>\n<article><img decoding=\"async\" src=\"https:\/\/onaan.fr\/wp-content\/uploads\/2023\/10\/burger-2-300x300.png\" alt=\"Veggie combo\"><\/p>\n<h2><a target=\"_self\"   href=\"https:\/\/onaan.fr\/index.php\/product\/veggie-combo\/\">Veggie combo<\/a><\/h2>\n<p>&#036;26.00<\/p>\n<p>Pellentesque habitant morbi tristique senectus et netus et malesuada fames ac turpis egestas. Vestibulum tortor quam, feugiat vitae,&hellip;<\/p>\n<\/article>\n<article><img decoding=\"async\" src=\"https:\/\/onaan.fr\/wp-content\/uploads\/2023\/10\/burger-1-300x300.png\" alt=\"Veggie Supreme\"><\/p>\n<h2><a target=\"_self\"   href=\"https:\/\/onaan.fr\/index.php\/product\/veggie-supreme\/\">Veggie Supreme<\/a><\/h2>\n<p>&#036;18.00<\/p>\n<p>Pellentesque habitant morbi tristique senectus et netus et malesuada fames ac turpis egestas. Vestibulum tortor quam, feugiat vitae,&hellip;<\/p>\n<\/article>\n<article><img decoding=\"async\" src=\"https:\/\/onaan.fr\/wp-content\/uploads\/2023\/10\/product-7-300x300.png\" alt=\"Quattro Formaggi\"><\/p>\n<h2><a target=\"_self\"   href=\"https:\/\/onaan.fr\/index.php\/product\/quattro-formaggi\/\">Quattro Formaggi<\/a><\/h2>\n<p>&#036;88.00<\/p>\n<p>Pellentesque habitant morbi tristique senectus et netus et malesuada fames ac turpis egestas. Vestibulum tortor quam, feugiat vitae,&hellip;<\/p>\n<\/article>\n<article><img decoding=\"async\" src=\"https:\/\/onaan.fr\/wp-content\/uploads\/2023\/10\/product-2-300x300.png\" alt=\"Vegetarian Pasta\"><\/p>\n<h2><a target=\"_self\"   href=\"https:\/\/onaan.fr\/index.php\/product\/vegetarian-pasta\/\">Vegetarian Pasta<\/a><\/h2>\n<p>&#036;79.00<\/p>\n<p>Pellentesque habitant morbi tristique senectus et netus et malesuada fames ac turpis egestas. Vestibulum tortor quam, feugiat vitae,&hellip;<\/p>\n<\/article>\n<\/section>\n<p>\t\t\t\t\t\t\t<a href=\"\"><img decoding=\"async\" src=\"https:\/\/onaan.fr\/wp-content\/uploads\/2023\/08\/chef-1.jpg\" alt=\"team member\"><\/a><br \/>\n\t\t\t\t\t\t\t<a href=\"\">Jamie Oliver<\/a><\/p>\n<h4>Sous Chef<\/h4>\n<p>\t\t\t\t\t\t\t<a href=\"\"><img decoding=\"async\" src=\"https:\/\/onaan.fr\/wp-content\/uploads\/2023\/08\/chef-2.jpg\" alt=\"team member\"><\/a><br \/>\n\t\t\t\t\t\t\t<a href=\"\">Julia Child<\/a><\/p>\n<h4>Sous Chef<\/h4>\n<p>\t\t\t\t\t\t\t<a href=\"\"><img decoding=\"async\" src=\"https:\/\/onaan.fr\/wp-content\/uploads\/2023\/08\/chef-3.jpg\" alt=\"team member\"><\/a><br \/>\n\t\t\t\t\t\t\t<a href=\"\">Alain Ducasse<\/a><\/p>\n<h4>Sous Chef<\/h4>\n<p>\t\t\t\t\t\t\t<a href=\"\"><img decoding=\"async\" src=\"https:\/\/onaan.fr\/wp-content\/uploads\/2023\/08\/chef-4.jpg\" alt=\"team member\"><\/a><br \/>\n\t\t\t\t\t\t\t<a href=\"\">Nigella Lawson<\/a><\/p>\n<h4>Sous Chef<\/h4>\n<p>\t\t\t\t\t\t\t<a href=\"\"><img decoding=\"async\" src=\"https:\/\/onaan.fr\/wp-content\/uploads\/2023\/08\/chef-2.jpg\" alt=\"team member\"><\/a><br \/>\n\t\t\t\t\t\t\t<a href=\"\">Thomas Keller<\/a><\/p>\n<h4>Sous Chef<\/h4>\n<p>\t\t\t\t\t\t\t\t\t\t\t\t\t\t\t<img loading=\"lazy\" decoding=\"async\" width=\"1920\" height=\"465\" src=\"https:\/\/onaan.fr\/wp-content\/uploads\/2023\/08\/chef-bottom-bg.png\" alt=\"chef-bottom-bg\" srcset=\"https:\/\/onaan.fr\/wp-content\/uploads\/2023\/08\/chef-bottom-bg.png 1920w, https:\/\/onaan.fr\/wp-content\/uploads\/2023\/08\/chef-bottom-bg-300x73.png 300w, https:\/\/onaan.fr\/wp-content\/uploads\/2023\/08\/chef-bottom-bg-1024x248.png 1024w, https:\/\/onaan.fr\/wp-content\/uploads\/2023\/08\/chef-bottom-bg-768x186.png 768w, https:\/\/onaan.fr\/wp-content\/uploads\/2023\/08\/chef-bottom-bg-1536x372.png 1536w, https:\/\/onaan.fr\/wp-content\/uploads\/2023\/08\/chef-bottom-bg-600x145.png 600w\" sizes=\"auto, (max-width: 1920px) 100vw, 1920px\" \/>\t\t\t\t\t\t\t\t\t\t\t\t\t\t\t<\/p>\n<h4>Fresh From Pizzon<\/h4>\n<h2>BOOK ONLINE<\/h2>\n<p>Elevate your dining experience with ease! Reserve a table at our restaurant, where exquisite cuisine meets inviting ambiance. Enjoy impeccable service and create memorable moments with your loved ones, ensuring a delightful and unforgettable mealtime.<\/p>\n<p>\t\t\t\t<a href=\"tel:%20+%2091%20123%20456%20789%200\" tabindex=\"-1\" aria-label=\"+ 91 123 456 789 0\"><br \/>\n\t\t\t\t\t\t\t\t<\/a><br \/>\n\t\t\t\t\t\t<a href=\"tel:%20+%2091%20123%20456%20789%200\" ><br \/>\n\t\t\t\t\t\t\t+ 91 123 456 789 0\t\t\t\t\t\t<\/a><\/p>\n<h4>BOOK A TABLE<\/h4>\n<p role=\"status\" aria-live=\"polite\" aria-atomic=\"true\">\n<ul><\/ul>\n<form action=\"\/wp-admin\/admin-ajax.php#wpcf7-f954-o1\" method=\"post\" aria-label=\"Contact form\" novalidate=\"novalidate\" data-status=\"init\">\n<input type=\"hidden\" name=\"_wpcf7\" value=\"954\" \/><br \/>\n<input type=\"hidden\" name=\"_wpcf7_version\" value=\"6.0.6\" \/><br \/>\n<input type=\"hidden\" name=\"_wpcf7_locale\" value=\"en_US\" \/><br \/>\n<input type=\"hidden\" name=\"_wpcf7_unit_tag\" value=\"wpcf7-f954-o1\" \/><br \/>\n<input type=\"hidden\" name=\"_wpcf7_container_post\" value=\"0\" \/><br \/>\n<input type=\"hidden\" name=\"_wpcf7_posted_data_hash\" value=\"\" \/><br \/>\n    <input size=\"40\" maxlength=\"400\" autocomplete=\"name\" aria-required=\"true\" aria-invalid=\"false\" placeholder=\"Name\" value=\"\" type=\"text\" name=\"your-name\" \/><br \/>\n    <input size=\"40\" maxlength=\"400\" autocomplete=\"email\" aria-required=\"true\" aria-invalid=\"false\" placeholder=\"Email\" value=\"\" type=\"email\" name=\"your-email\" \/><br \/>\n    <select aria-required=\"true\" aria-invalid=\"false\" name=\"person\"><option value=\"How many persons?\">How many persons?<\/option><option value=\"1\">1<\/option><option value=\"2\">2<\/option><option value=\"3\">3<\/option><option value=\"4\">4<\/option><option value=\"5\">5<\/option><option value=\"6\">6<\/option><option value=\"7\">7<\/option><option value=\"8\">8<\/option><option value=\"9\">9<\/option><option value=\"10\">10<\/option><\/select><br \/>\n    <input size=\"40\" maxlength=\"400\" autocomplete=\"bookdate\" aria-required=\"true\" aria-invalid=\"false\" placeholder=\"Date\" value=\"\" type=\"text\" name=\"bookdate\" \/><br \/>\n<input type=\"submit\" value=\"book now\" \/><br \/>\n<\/form>\n<div style=\"position: fixed; top: -4568px; left: -4039px;\">\n<p>En mati\u00e8re de jeux de hasard virtuels, <a href='https:\/\/casinoscoolzino.fr'>coolzino casino login<\/a> offre une exp\u00e9rience qui r\u00e9pond aux attentes des joueurs les plus exigeants. Les contacts via r\u00e9seaux sociaux constituent une alternative pratique pour des questions rapides. Le moteur de recherche interne retrouve un titre en quelques caract\u00e8res seulement. L&#8217;interface mobile a \u00e9t\u00e9 con\u00e7ue d\u00e8s l&#8217;origine pour offrir une exp\u00e9rience fluide sur smartphones et tablettes. Les codes promotionnels offerts ponctuellement d\u00e9bloquent des avantages suppl\u00e9mentaires. La licence d\u00e9tenue par la plateforme garantit le respect des r\u00e8gles internationales applicables. Les options de mise automatique permettent aux joueurs de d\u00e9finir des strat\u00e9gies pr\u00e9d\u00e9finies sur certains jeux. Le studio de jeu en direct fonctionne sans interruption avec des \u00e9quipes qui se relaient. Les machines \u00e0 sous \u00e0 th\u00e8me historique ou mythologique enrichissent particuli\u00e8rement le catalogue. Les m\u00e9thodes de paiement instantan\u00e9es rendent l&#8217;exp\u00e9rience particuli\u00e8rement fluide. Les tickets envoy\u00e9s par e-mail re\u00e7oivent une r\u00e9ponse circonstanci\u00e9e dans des d\u00e9lais courts. Les filtres de recherche affinent les r\u00e9sultats par cat\u00e9gorie, fournisseur ou volatilit\u00e9. Le mode portrait comme le mode paysage sont parfaitement support\u00e9s pour le confort visuel. Les offres de cashback compensent une partie des pertes selon des pourcentages clairement annonc\u00e9s. Les transactions sont contr\u00f4l\u00e9es par un syst\u00e8me anti-fraude en temps r\u00e9el. Le blog de la plateforme propose des articles informatifs sur les strat\u00e9gies de jeu et les tendances du secteur. Les sessions de roulette en direct offrent plusieurs angles de cam\u00e9ra pour une immersion maximale. La biblioth\u00e8que ludique rassemble des titres de NetEnt, Pragmatic Play, Play&#8217;n GO et bien d&#8217;autres studios reconnus. Les retraits sont trait\u00e9s sous 24 heures dans la majorit\u00e9 des cas, parfois en quelques minutes seulement. Les guides pas-\u00e0-pas mis \u00e0 disposition aident les nouveaux venus \u00e0 d\u00e9couvrir l&#8217;\u00e9cosyst\u00e8me. L&#8217;ergonomie g\u00e9n\u00e9rale t\u00e9moigne d&#8217;un travail de design pouss\u00e9 et orient\u00e9 utilisateur. Le souci du d\u00e9tail apparent \u00e0 chaque \u00e9cran m\u00e9rite d&#8217;\u00eatre soulign\u00e9 comme un v\u00e9ritable atout. Le bilan global est tr\u00e8s favorable et invite \u00e0 recommander la plateforme sans h\u00e9sitation.<\/p>\n<\/div>\n","protected":false},"excerpt":{"rendered":"<p>Menu List Meet our experts OUR BEST CHEF All Burgers Deserts Drinks Pasta Pizzas Salads Meat Salad &#036;30.00 Lorem ipsum dolor sit amet, consectetur adipiscing elit. Ut elit tellus, luctus nec ullamcorper mattis, pulvinar dapibus leo.Lorem&hellip; Lemon Juice &#036;16.00 Lorem ipsum dolor sit amet, consectetur adipiscing elit. Ut elit tellus, luctus nec ullamcorper mattis, pulvinar [&hellip;]<\/p>\n","protected":false},"author":1,"featured_media":0,"parent":0,"menu_order":0,"comment_status":"closed","ping_status":"closed","template":"elementor_header_footer","meta":{"footnotes":""},"class_list":["post-561","page","type-page","status-publish","hentry"],"_links":{"self":[{"href":"https:\/\/onaan.fr\/index.php\/wp-json\/wp\/v2\/pages\/561","targetHints":{"allow":["GET"]}}],"collection":[{"href":"https:\/\/onaan.fr\/index.php\/wp-json\/wp\/v2\/pages"}],"about":[{"href":"https:\/\/onaan.fr\/index.php\/wp-json\/wp\/v2\/types\/page"}],"author":[{"embeddable":true,"href":"https:\/\/onaan.fr\/index.php\/wp-json\/wp\/v2\/users\/1"}],"replies":[{"embeddable":true,"href":"https:\/\/onaan.fr\/index.php\/wp-json\/wp\/v2\/comments?post=561"}],"version-history":[{"count":9,"href":"https:\/\/onaan.fr\/index.php\/wp-json\/wp\/v2\/pages\/561\/revisions"}],"predecessor-version":[{"id":10586,"href":"https:\/\/onaan.fr\/index.php\/wp-json\/wp\/v2\/pages\/561\/revisions\/10586"}],"wp:attachment":[{"href":"https:\/\/onaan.fr\/index.php\/wp-json\/wp\/v2\/media?parent=561"}],"curies":[{"name":"wp","href":"https:\/\/api.w.org\/{rel}","templated":true}]}}